{"id":216,"date":"2019-10-24T07:29:41","date_gmt":"2019-10-24T07:29:41","guid":{"rendered":"https:\/\/demosoledad.pencidesign.net\/soledad-ceramics-art-multipurpose\/?page_id=6"},"modified":"2021-06-02T08:02:13","modified_gmt":"2021-06-02T08:02:13","slug":"soledad_home","status":"publish","type":"page","link":"https:\/\/www.aceitessatunion.com\/","title":{"rendered":"Soledad_Home"},"content":{"rendered":"\t\t<div data-elementor-type=\"wp-page\" data-elementor-id=\"216\" class=\"elementor elementor-216\">\n\t\t\t\t\t\t<section class=\"penci-section penci-disSticky penci-structure-10 elementor-section elementor-top-section elementor-element elementor-element-b6bab4a elementor-section-full_width elementor-section-height-default elementor-section-height-default\" data-id=\"b6bab4a\" data-element_type=\"section\" data-settings=\"{&quot;shape_divider_bottom&quot;:&quot;waves&quot;}\">\n\t\t\t\t\t<div class=\"elementor-shape elementor-shape-bottom\" data-negative=\"false\">\n\t\t\t<svg xmlns=\"http:\/\/www.w3.org\/2000\/svg\" viewBox=\"0 0 1000 100\" preserveAspectRatio=\"none\">\n\t<path class=\"elementor-shape-fill\" d=\"M421.9,6.5c22.6-2.5,51.5,0.4,75.5,5.3c23.6,4.9,70.9,23.5,100.5,35.7c75.8,32.2,133.7,44.5,192.6,49.7\n\tc23.6,2.1,48.7,3.5,103.4-2.5c54.7-6,106.2-25.6,106.2-25.6V0H0v30.3c0,0,72,32.6,158.4,30.5c39.2-0.7,92.8-6.7,134-22.4\n\tc21.2-8.1,52.2-18.2,79.7-24.2C399.3,7.9,411.6,7.5,421.9,6.5z\"\/>\n<\/svg>\t\t<\/div>\n\t\t\t\t\t<div class=\"elementor-container elementor-column-gap-no\">\n\t\t\t\t\t<div class=\"penci-ercol-100 penci-ercol-order-1 penci-sticky-ct  elementor-column elementor-col-100 elementor-top-column elementor-element elementor-element-b51c259\" data-id=\"b51c259\" data-element_type=\"column\">\n\t\t\t<div class=\"elementor-widget-wrap elementor-element-populated\">\n\t\t\t\t\t\t<div class=\"elementor-element elementor-element-17c780f penci-h-poswrap-center penci-v-poswrap-middle elementor-widget elementor-widget-penci-custom-sliders\" data-id=\"17c780f\" data-element_type=\"widget\" data-widget_type=\"penci-custom-sliders.default\">\n\t\t\t\t<div class=\"elementor-widget-container\">\n\t\t\t<div class=\"penci-block-vc penci-custom-slides\"><div class=\"penci-block_content penci-slides-wrap penci-owl-carousel penci-owl-carousel-slider\"  data-items=\"1\" data-auto=\"true\" data-speed=\"800\"><div class=\"elementor-repeater-item-5e495c6 penci-ctslide-wrap\"><div class=\"penci-custom-slide\"><div class=\"penci-ctslide-bg penci-ctslider-ken-in\"><\/div><div class=\"penci-ctslide-inner\"><div class=\"penci-ctslider-bg-overlay\"><\/div><div class=\"penci-ctslider-content penci-fadeInUp\"><h2 class=\"pencislider-title\">Bienvenido<br>a nuestra cooperativa<\/h2><div class=\"pencislider-caption\">Es una empresa cooperativa que se constituy\u00f3 en Noviembre de 1.978 y que en la actualidad cuenta con 230 socios<\/div><div class=\"penci-slider_btnwrap\"><a class=\"pencislider-btn pencislider-btn-1 penci-button\" href=\"https:\/\/tienda.aceitessatunion.com\/\"><span>Nuestra tienda<\/span><\/a><a class=\"pencislider-btn pencislider-btn-2 penci-button\" href=\"https:\/\/unionbujalance.sbportal.es\/Bienvenida\"><span>Acceso a socios<\/span><\/a><\/div><\/div><\/div><\/div><\/div><\/div><\/div>\t\t<\/div>\n\t\t\t\t<\/div>\n\t\t\t\t\t<\/div>\n\t\t<\/div>\n\t\t\t\t\t<\/div>\n\t\t<\/section>\n\t\t\t\t<section class=\"penci-section penci-disSticky penci-structure-20 elementor-section elementor-top-section elementor-element elementor-element-3d37eed elementor-section-content-middle elementor-section-boxed elementor-section-height-default elementor-section-height-default\" data-id=\"3d37eed\" data-element_type=\"section\">\n\t\t\t\t\t\t<div class=\"elementor-container elementor-column-gap-no\">\n\t\t\t\t\t<div class=\"penci-ercol-50 penci-ercol-order-1 penci-sticky-ct  elementor-column elementor-col-50 elementor-top-column elementor-element elementor-element-c3cc909\" data-id=\"c3cc909\" data-element_type=\"column\">\n\t\t\t<div class=\"elementor-widget-wrap elementor-element-populated\">\n\t\t\t\t\t\t<div class=\"elementor-element elementor-element-25bc078 elementor-widget elementor-widget-penci-fancy_heading\" data-id=\"25bc078\" data-element_type=\"widget\" data-widget_type=\"penci-fancy_heading.default\">\n\t\t\t\t<div class=\"elementor-widget-container\">\n\t\t\t\t\t<div class=\"penci-fancy-heading penci-heading-text-left\">\n\t\t\t<div class=\"penci-fancy-heading-inner\">\n\t\t\t\t<h2 class=\"penci-heading-title\">La cooperativa<\/h2><div class=\"penci-heading-content entry-content\"><p>Nuestra empresa desarrolla los procesos de manufacturaci\u00f3n y distribuci\u00f3n necesarios para hacer llegar nuestro producto al consumidor final con total garant\u00eda, bajo la marca comercial de ACEITES SATUNION.<\/p>\n<\/div>\t\t\t<\/div>\n\t\t<\/div>\n\t\t\t\t<\/div>\n\t\t\t\t<\/div>\n\t\t\t\t<div class=\"elementor-element elementor-element-c378c84 elementor-widget elementor-widget-button\" data-id=\"c378c84\" data-element_type=\"widget\" data-widget_type=\"button.default\">\n\t\t\t\t<div class=\"elementor-widget-container\">\n\t\t\t\t\t<div class=\"elementor-button-wrapper\">\n\t\t\t<a class=\"elementor-button elementor-button-link elementor-size-lg\" href=\"#\">\n\t\t\t\t\t\t<span class=\"elementor-button-content-wrapper\">\n\t\t\t\t\t\t<span class=\"elementor-button-icon\">\n\t\t\t\t<i aria-hidden=\"true\" class=\"fas fa-long-arrow-alt-right\"><\/i>\t\t\t<\/span>\n\t\t\t\t\t\t\t\t\t<span class=\"elementor-button-text\">Leer m\u00e1s<\/span>\n\t\t\t\t\t<\/span>\n\t\t\t\t\t<\/a>\n\t\t<\/div>\n\t\t\t\t<\/div>\n\t\t\t\t<\/div>\n\t\t\t\t\t<\/div>\n\t\t<\/div>\n\t\t\t\t<div class=\"penci-ercol-50 penci-ercol-order-2 penci-sticky-ct  elementor-column elementor-col-50 elementor-top-column elementor-element elementor-element-35acff2\" data-id=\"35acff2\" data-element_type=\"column\">\n\t\t\t<div class=\"elementor-widget-wrap elementor-element-populated\">\n\t\t\t\t\t\t<div class=\"elementor-element elementor-element-6cd74a0 elementor-widget elementor-widget-penci-fancy_heading\" data-id=\"6cd74a0\" data-element_type=\"widget\" data-widget_type=\"penci-fancy_heading.default\">\n\t\t\t\t<div class=\"elementor-widget-container\">\n\t\t\t\t\t<div class=\"penci-fancy-heading penci-heading-text-center\">\n\t\t\t<div class=\"penci-fancy-heading-inner\">\n\t\t\t\t<h2 class=\"penci-heading-title\">LA UNION DE BUJALANCE<\/h2>\t\t\t<\/div>\n\t\t<\/div>\n\t\t\t\t<\/div>\n\t\t\t\t<\/div>\n\t\t\t\t\t<\/div>\n\t\t<\/div>\n\t\t\t\t\t<\/div>\n\t\t<\/section>\n\t\t\t\t<section class=\"penci-section penci-disSticky penci-structure-22 elementor-section elementor-top-section elementor-element elementor-element-0b7e1cd elementor-section-content-middle elementor-section-boxed elementor-section-height-default elementor-section-height-default\" data-id=\"0b7e1cd\" data-element_type=\"section\">\n\t\t\t\t\t\t<div class=\"elementor-container elementor-column-gap-no\">\n\t\t\t\t\t<div class=\"penci-ercol-66 penci-ercol-order-1 penci-sticky-ct  elementor-column elementor-col-66 elementor-top-column elementor-element elementor-element-da51f93\" data-id=\"da51f93\" data-element_type=\"column\" data-settings=\"{&quot;background_background&quot;:&quot;classic&quot;}\">\n\t\t\t<div class=\"elementor-widget-wrap elementor-element-populated\">\n\t\t\t\t\t<div class=\"elementor-background-overlay\"><\/div>\n\t\t\t\t\t\t<div class=\"elementor-element elementor-element-e7301b7 elementor-widget elementor-widget-penci-fancy_heading\" data-id=\"e7301b7\" data-element_type=\"widget\" data-widget_type=\"penci-fancy_heading.default\">\n\t\t\t\t<div class=\"elementor-widget-container\">\n\t\t\t\t\t<div class=\"penci-fancy-heading penci-heading-text-center\">\n\t\t\t<div class=\"penci-fancy-heading-inner\">\n\t\t\t\t<h2 class=\"penci-heading-title\">Nuestra marca <br>SAT UNION<\/h2>\t\t\t<\/div>\n\t\t<\/div>\n\t\t\t\t<\/div>\n\t\t\t\t<\/div>\n\t\t\t\t\t<\/div>\n\t\t<\/div>\n\t\t\t\t<div class=\"penci-ercol-33 penci-ercol-order-2 penci-sticky-sb penci-sidebarSC elementor-column elementor-col-33 elementor-top-column elementor-element elementor-element-3dc5ff1\" data-id=\"3dc5ff1\" data-element_type=\"column\">\n\t\t\t<div class=\"elementor-widget-wrap elementor-element-populated\">\n\t\t\t\t\t\t<div class=\"elementor-element elementor-element-30c4979 elementor-widget elementor-widget-penci-info-box\" data-id=\"30c4979\" data-element_type=\"widget\" data-widget_type=\"penci-info-box.default\">\n\t\t\t\t<div class=\"elementor-widget-container\">\n\t\t\t\t\t<div id=\"penci_info_box_73129\" class=\"penci-block-vc penci-info-box penci-ibox-top-center penci-view-default penci-shape-circle\">\n\t\t\t<div class=\"penci-ibox-inner\">\n\t\t\t\t<div class=\"penci-ibox-icon penci-ibox-icon--image\"><span class=\"penci-ibox-icon-fa\"><img decoding=\"async\" class=\"penci-ibox-img_active\" src=\"https:\/\/www.aceitessatunion.com\/wp-content\/uploads\/2021\/06\/450_1000.jpg\"><img decoding=\"async\" class=\"penci-ibox-img_hover\" src=\"\"><\/span><\/div>\t\t\t\t<div class=\"penci-ibox-content\">\n\t\t\t\t\t<h3 class=\"penci-ibox-title\">Olivar tradicional<\/h3>\t\t\t\t\t\t\t\t\t\t\t\t\t\t<\/div>\n\t\t\t<\/div>\n\t\t<\/div>\n\t\t\t\t<\/div>\n\t\t\t\t<\/div>\n\t\t\t\t<div class=\"elementor-element elementor-element-5dc680e elementor-widget elementor-widget-image\" data-id=\"5dc680e\" data-element_type=\"widget\" data-widget_type=\"image.default\">\n\t\t\t\t<div class=\"elementor-widget-container\">\n\t\t\t\t\t\t\t\t\t\t\t\t\t<img fetchpriority=\"high\" decoding=\"async\" width=\"1024\" height=\"768\" src=\"https:\/\/www.aceitessatunion.com\/wp-content\/uploads\/2021\/06\/6.jpg\" class=\"attachment-large size-large wp-image-248\" alt=\"\" srcset=\"https:\/\/www.aceitessatunion.com\/wp-content\/uploads\/2021\/06\/6.jpg 1024w, https:\/\/www.aceitessatunion.com\/wp-content\/uploads\/2021\/06\/6-300x225.jpg 300w, https:\/\/www.aceitessatunion.com\/wp-content\/uploads\/2021\/06\/6-768x576.jpg 768w, https:\/\/www.aceitessatunion.com\/wp-content\/uploads\/2021\/06\/6-585x439.jpg 585w\" sizes=\"(max-width: 1024px) 100vw, 1024px\" \/>\t\t\t\t\t\t\t\t\t\t\t\t\t<\/div>\n\t\t\t\t<\/div>\n\t\t\t\t\t<\/div>\n\t\t<\/div>\n\t\t\t\t\t<\/div>\n\t\t<\/section>\n\t\t\t\t<section class=\"penci-section penci-disSticky penci-structure-30 elementor-section elementor-top-section elementor-element elementor-element-017921e elementor-section-content-middle elementor-section-boxed elementor-section-height-default elementor-section-height-default\" data-id=\"017921e\" data-element_type=\"section\">\n\t\t\t\t\t\t<div class=\"elementor-container elementor-column-gap-no\">\n\t\t\t\t\t<div class=\"penci-ercol-33 penci-ercol-order-1 penci-sticky-sb penci-sidebarSC elementor-column elementor-col-33 elementor-top-column elementor-element elementor-element-471b409\" data-id=\"471b409\" data-element_type=\"column\" data-settings=\"{&quot;background_background&quot;:&quot;classic&quot;}\">\n\t\t\t<div class=\"elementor-widget-wrap elementor-element-populated\">\n\t\t\t\t\t\t<div class=\"elementor-element elementor-element-21345af elementor-widget elementor-widget-penci-info-box\" data-id=\"21345af\" data-element_type=\"widget\" data-widget_type=\"penci-info-box.default\">\n\t\t\t\t<div class=\"elementor-widget-container\">\n\t\t\t\t\t<div id=\"penci_info_box_67687\" class=\"penci-block-vc penci-info-box penci-ibox-top-center penci-view-default penci-shape-circle\">\n\t\t\t<div class=\"penci-ibox-inner\">\n\t\t\t\t<div class=\"penci-ibox-icon penci-ibox-icon--image\"><span class=\"penci-ibox-icon-fa\"><img decoding=\"async\" class=\"penci-ibox-img_active\" src=\"https:\/\/www.aceitessatunion.com\/wp-content\/uploads\/2021\/06\/1200px-Escudo_de_Bujalance.svg.png\"><img decoding=\"async\" class=\"penci-ibox-img_hover\" src=\"\"><\/span><\/div>\t\t\t\t<div class=\"penci-ibox-content\">\n\t\t\t\t\t<h3 class=\"penci-ibox-title\">BUJALANCE<\/h3>\t\t\t\t\t\t\t\t\t\t\t\t\t\t<\/div>\n\t\t\t<\/div>\n\t\t<\/div>\n\t\t\t\t<\/div>\n\t\t\t\t<\/div>\n\t\t\t\t\t<\/div>\n\t\t<\/div>\n\t\t\t\t<div class=\"penci-ercol-33 penci-ercol-order-2 penci-sticky-sb penci-sidebarSC elementor-column elementor-col-33 elementor-top-column elementor-element elementor-element-a1444ed\" data-id=\"a1444ed\" data-element_type=\"column\">\n\t\t\t<div class=\"elementor-widget-wrap elementor-element-populated\">\n\t\t\t\t\t\t<div class=\"elementor-element elementor-element-4850e44 elementor-widget elementor-widget-image\" data-id=\"4850e44\" data-element_type=\"widget\" data-widget_type=\"image.default\">\n\t\t\t\t<div class=\"elementor-widget-container\">\n\t\t\t\t\t\t\t\t\t\t\t\t\t<img decoding=\"async\" width=\"1024\" height=\"768\" src=\"https:\/\/www.aceitessatunion.com\/wp-content\/uploads\/2021\/06\/7.jpg\" class=\"attachment-large size-large wp-image-249\" alt=\"\" srcset=\"https:\/\/www.aceitessatunion.com\/wp-content\/uploads\/2021\/06\/7.jpg 1024w, https:\/\/www.aceitessatunion.com\/wp-content\/uploads\/2021\/06\/7-300x225.jpg 300w, https:\/\/www.aceitessatunion.com\/wp-content\/uploads\/2021\/06\/7-768x576.jpg 768w, https:\/\/www.aceitessatunion.com\/wp-content\/uploads\/2021\/06\/7-585x439.jpg 585w\" sizes=\"(max-width: 1024px) 100vw, 1024px\" \/>\t\t\t\t\t\t\t\t\t\t\t\t\t<\/div>\n\t\t\t\t<\/div>\n\t\t\t\t\t<\/div>\n\t\t<\/div>\n\t\t\t\t<div class=\"penci-ercol-33 penci-ercol-order-3 penci-sticky-sb penci-sidebarSC elementor-column elementor-col-33 elementor-top-column elementor-element elementor-element-828859e\" data-id=\"828859e\" data-element_type=\"column\" data-settings=\"{&quot;background_background&quot;:&quot;classic&quot;}\">\n\t\t\t<div class=\"elementor-widget-wrap elementor-element-populated\">\n\t\t\t\t\t\t<div class=\"elementor-element elementor-element-0e58bae elementor-widget elementor-widget-penci-info-box\" data-id=\"0e58bae\" data-element_type=\"widget\" data-widget_type=\"penci-info-box.default\">\n\t\t\t\t<div class=\"elementor-widget-container\">\n\t\t\t\t\t<div id=\"penci_info_box_57722\" class=\"penci-block-vc penci-info-box penci-ibox-top-center penci-view-default penci-shape-circle\">\n\t\t\t<div class=\"penci-ibox-inner\">\n\t\t\t\t<div class=\"penci-ibox-icon penci-ibox-icon--icon penci-icon \"><span class=\"penci-ibox-icon-fa\"><i class=\"penci-ibox-icon--i fa fa-users\" aria-hidden=\"true\"><\/i><\/span><\/div>\t\t\t\t<div class=\"penci-ibox-content\">\n\t\t\t\t\t<h3 class=\"penci-ibox-title\">Compromisos con nuestros socios<\/h3>\t\t\t\t\t\t\t\t\t\t\t\t\t\t<\/div>\n\t\t\t<\/div>\n\t\t<\/div>\n\t\t\t\t<\/div>\n\t\t\t\t<\/div>\n\t\t\t\t\t<\/div>\n\t\t<\/div>\n\t\t\t\t\t<\/div>\n\t\t<\/section>\n\t\t\t\t<section class=\"penci-section penci-disSticky penci-structure-10 elementor-section elementor-top-section elementor-element elementor-element-293c8e4 elementor-section-boxed elementor-section-height-default elementor-section-height-default\" data-id=\"293c8e4\" data-element_type=\"section\">\n\t\t\t\t\t\t<div class=\"elementor-container elementor-column-gap-default\">\n\t\t\t\t\t<div class=\"penci-ercol-100 penci-ercol-order-1 penci-sticky-ct  elementor-column elementor-col-100 elementor-top-column elementor-element elementor-element-3dbe04e\" data-id=\"3dbe04e\" data-element_type=\"column\">\n\t\t\t<div class=\"elementor-widget-wrap elementor-element-populated\">\n\t\t\t\t\t\t<div class=\"elementor-element elementor-element-f913829 elementor-widget elementor-widget-image\" data-id=\"f913829\" data-element_type=\"widget\" data-widget_type=\"image.default\">\n\t\t\t\t<div class=\"elementor-widget-container\">\n\t\t\t\t\t\t\t\t\t\t\t\t\t<img decoding=\"async\" width=\"421\" height=\"495\" src=\"https:\/\/www.aceitessatunion.com\/wp-content\/uploads\/2021\/06\/Screenshot_3.png\" class=\"attachment-large size-large wp-image-398\" alt=\"\" srcset=\"https:\/\/www.aceitessatunion.com\/wp-content\/uploads\/2021\/06\/Screenshot_3.png 421w, https:\/\/www.aceitessatunion.com\/wp-content\/uploads\/2021\/06\/Screenshot_3-255x300.png 255w\" sizes=\"(max-width: 421px) 100vw, 421px\" \/>\t\t\t\t\t\t\t\t\t\t\t\t\t<\/div>\n\t\t\t\t<\/div>\n\t\t\t\t<div class=\"elementor-element elementor-element-f2b00e1 elementor-widget elementor-widget-text-editor\" data-id=\"f2b00e1\" data-element_type=\"widget\" data-widget_type=\"text-editor.default\">\n\t\t\t\t<div class=\"elementor-widget-container\">\n\t\t\t\t\t\t\t<p><strong>\u00bb LA UNION DE BUJALANCE S.C.A. ha recibido una ayuda de la Uni\u00f3n Europea con cargo al Fondo Europeo de Desarrollo Regional y el Ministerio para la Transici\u00f3n Ecol\u00f3gica y el Reto Demogr\u00e1fico para Infraestructura de recarga de veh\u00edculos el\u00e9ctricos, dentro del Programa de incentivos a la movilidad eficiente y sostenible (Programa MOVES II ANDALUC\u00cdA) gestionado por la Junta de Andaluc\u00eda, a trav\u00e9s de la Agencia Andaluza de la Energ\u00eda.\u201d<\/strong><\/p>\t\t\t\t\t\t<\/div>\n\t\t\t\t<\/div>\n\t\t\t\t\t<\/div>\n\t\t<\/div>\n\t\t\t\t\t<\/div>\n\t\t<\/section>\n\t\t\t\t<\/div>\n\t\t","protected":false},"excerpt":{"rendered":"<p>Bienvenidoa nuestra cooperativa Es una empresa cooperativa que se constituy\u00f3 en Noviembre de 1.978 y que en la actualidad cuenta con 230 sociosNuestra tiendaAcceso a socios La cooperativa Nuestra empresa&hellip;<\/p>\n","protected":false},"author":1,"featured_media":0,"parent":0,"menu_order":0,"comment_status":"closed","ping_status":"closed","template":"page-fullwidth.php","meta":{"footnotes":""},"class_list":["post-216","page","type-page","status-publish","hentry"],"_links":{"self":[{"href":"https:\/\/www.aceitessatunion.com\/index.php?rest_route=\/wp\/v2\/pages\/216","targetHints":{"allow":["GET"]}}],"collection":[{"href":"https:\/\/www.aceitessatunion.com\/index.php?rest_route=\/wp\/v2\/pages"}],"about":[{"href":"https:\/\/www.aceitessatunion.com\/index.php?rest_route=\/wp\/v2\/types\/page"}],"author":[{"embeddable":true,"href":"https:\/\/www.aceitessatunion.com\/index.php?rest_route=\/wp\/v2\/users\/1"}],"replies":[{"embeddable":true,"href":"https:\/\/www.aceitessatunion.com\/index.php?rest_route=%2Fwp%2Fv2%2Fcomments&post=216"}],"version-history":[{"count":82,"href":"https:\/\/www.aceitessatunion.com\/index.php?rest_route=\/wp\/v2\/pages\/216\/revisions"}],"predecessor-version":[{"id":406,"href":"https:\/\/www.aceitessatunion.com\/index.php?rest_route=\/wp\/v2\/pages\/216\/revisions\/406"}],"wp:attachment":[{"href":"https:\/\/www.aceitessatunion.com\/index.php?rest_route=%2Fwp%2Fv2%2Fmedia&parent=216"}],"curies":[{"name":"wp","href":"https:\/\/api.w.org\/{rel}","templated":true}]}}