{"id":14,"date":"2019-10-24T07:32:09","date_gmt":"2019-10-24T07:32:09","guid":{"rendered":"https:\/\/demosoledad.pencidesign.net\/soledad-ceramics-art-multipurpose\/?page_id=14"},"modified":"2021-06-01T15:27:48","modified_gmt":"2021-06-01T15:27:48","slug":"our-blog","status":"publish","type":"page","link":"https:\/\/www.aceitessatunion.com\/?page_id=14","title":{"rendered":"Our Blog"},"content":{"rendered":"\t\t<div data-elementor-type=\"wp-page\" data-elementor-id=\"14\" class=\"elementor elementor-14\">\n\t\t\t\t\t\t<section class=\"penci-section penci-disSticky penci-structure-10 elementor-section elementor-top-section elementor-element elementor-element-669f13b elementor-section-boxed elementor-section-height-default elementor-section-height-default\" data-id=\"669f13b\" data-element_type=\"section\" data-settings=\"{&quot;background_background&quot;:&quot;classic&quot;,&quot;shape_divider_bottom&quot;:&quot;waves&quot;}\">\n\t\t\t\t\t<div class=\"elementor-shape elementor-shape-bottom\" data-negative=\"false\">\n\t\t\t<svg xmlns=\"http:\/\/www.w3.org\/2000\/svg\" viewBox=\"0 0 1000 100\" preserveAspectRatio=\"none\">\n\t<path class=\"elementor-shape-fill\" d=\"M421.9,6.5c22.6-2.5,51.5,0.4,75.5,5.3c23.6,4.9,70.9,23.5,100.5,35.7c75.8,32.2,133.7,44.5,192.6,49.7\n\tc23.6,2.1,48.7,3.5,103.4-2.5c54.7-6,106.2-25.6,106.2-25.6V0H0v30.3c0,0,72,32.6,158.4,30.5c39.2-0.7,92.8-6.7,134-22.4\n\tc21.2-8.1,52.2-18.2,79.7-24.2C399.3,7.9,411.6,7.5,421.9,6.5z\"\/>\n<\/svg>\t\t<\/div>\n\t\t\t\t\t<div class=\"elementor-container elementor-column-gap-no\">\n\t\t\t\t\t<div class=\"penci-ercol-100 penci-ercol-order-1 penci-sticky-ct  elementor-column elementor-col-100 elementor-top-column elementor-element elementor-element-9717e70\" data-id=\"9717e70\" data-element_type=\"column\">\n\t\t\t<div class=\"elementor-widget-wrap elementor-element-populated\">\n\t\t\t\t\t\t<div class=\"elementor-element elementor-element-da89c65 elementor-widget elementor-widget-penci-fancy_heading\" data-id=\"da89c65\" data-element_type=\"widget\" data-widget_type=\"penci-fancy_heading.default\">\n\t\t\t\t<div class=\"elementor-widget-container\">\n\t\t\t\t\t<div class=\"penci-fancy-heading penci-heading-text-center\">\n\t\t\t<div class=\"penci-fancy-heading-inner\">\n\t\t\t\t<h2 class=\"penci-heading-title\">Actualidad<\/h2>\t\t\t<\/div>\n\t\t<\/div>\n\t\t\t\t<\/div>\n\t\t\t\t<\/div>\n\t\t\t\t\t<\/div>\n\t\t<\/div>\n\t\t\t\t\t<\/div>\n\t\t<\/section>\n\t\t\t\t<section class=\"penci-section penci-disSticky penci-structure-10 elementor-section elementor-top-section elementor-element elementor-element-ce13d09 elementor-section-boxed elementor-section-height-default elementor-section-height-default\" data-id=\"ce13d09\" data-element_type=\"section\">\n\t\t\t\t\t\t<div class=\"elementor-container elementor-column-gap-no\">\n\t\t\t\t\t<div class=\"penci-ercol-100 penci-ercol-order-1 penci-sticky-ct  elementor-column elementor-col-100 elementor-top-column elementor-element elementor-element-441e552\" data-id=\"441e552\" data-element_type=\"column\">\n\t\t\t<div class=\"elementor-widget-wrap elementor-element-populated\">\n\t\t\t\t\t\t<div class=\"elementor-element elementor-element-6d13bdf elementor-widget elementor-widget-penci-latest-posts\" data-id=\"6d13bdf\" data-element_type=\"widget\" data-widget_type=\"penci-latest-posts.default\">\n\t\t\t\t<div class=\"elementor-widget-container\">\n\t\t\t\t\t\t\t<div id=\"pencilatest_posts_38704\" class=\"penci-latest-posts-sc penci-latest-posts-standard-grid penci-latest-posts-el penci-el-mixed-s1 penci-latest-posts-left penci-std-continue-center penci-std-excerpt-center penci-grid-excerpt-left\">\n\t\t\t\t\n\t\t\t\t<div class=\"penci-wrapper-posts-content\">\n\n\t\t\t\t\t\t\t\t\t\t\t<ul class=\"penci-wrapper-data penci-grid penci-shortcode-render\">\t\t\t\t\t\t\t\t\t\t\t\t\t\t\t\t<article id=\"post-360\" class=\"post-360 post type-post status-publish format-standard hentry category-ceramic\">\n\n\t\n\t\t\n\t\t\t\n\t\t\t\n\t<div class=\"header-standard\">\n\t\t\t\t\t<div class=\"penci-standard-cat\"><span class=\"cat\"><a class=\"penci-cat-name penci-cat-2\" href=\"https:\/\/www.aceitessatunion.com\/?cat=2\"  rel=\"category tag\">La cooperativa<\/a><\/span><\/div>\n\t\t\n\t\t<h2 class=\"penci-entry-title entry-title entry-title\"><a href=\"https:\/\/www.aceitessatunion.com\/?p=360\">PRESENTACI\u00d3N NUEVA P\u00c1GINA WEB.<\/a><\/h2>\n\t\t\t\t<div class=\"penci-hide-tagupdated\">\n\t\t\t<span class=\"author-italic author vcard\">by <a class=\"url fn n\" href=\"https:\/\/www.aceitessatunion.com\/?author=1\">adminsb<\/a><\/span>\n\t\t\t<time class=\"entry-date published\" datetime=\"2021-06-01T15:26:34+00:00\">1 de junio de 2021<\/time>\t\t<\/div>\n\t\t\t\t\t\t\t<div class=\"standard-top-meta penci-meta-author author-post byline\">\n\t\t\t\t\t\t\t\t<span class=\"author vcard\">written by <a class=\"url fn n\" href=\"https:\/\/www.aceitessatunion.com\/?author=1\">adminsb<\/a><\/span>\n\t\t\t\t\t\t\t\t\t\t\t<\/div>\n\t\t\t<\/div>\n\n\t<div class=\"standard-content\">\n\t\t<div class=\"standard-main-content entry-content\">\n\t\t\t<div class=\"post-entry standard-post-entry classic-post-entry blockquote-style-1\">\n\t\t\t\t\t\t\t\t\t\n<p>PRESENTAMOS NUESTRA P\u00c1GINA WEB&nbsp;<strong>ACEITESSATUNION.COM<\/strong>&nbsp;AQU\u00cd PONDREMOS TODAS LAS NOVEDADES DE LA COOPERATIVA, REUNIONES DE CONSEJO,ETC.<\/p>\n\t\t\t\t\t\t\t\t\t\t\t\t<\/div>\n\t\t<\/div>\n\n\t\t\t\t\t<div class=\"penci-post-box-meta\">\n\t\t\t\t\t\t\t\t\t<div class=\"penci-box-meta\">\n\t\t\t\t\t\t\t\t\t\t\t\t\t<span><i class=\"penci-faicon far fa-clock\" ><\/i><time class=\"entry-date published\" datetime=\"2021-06-01T15:26:34+00:00\">1 de junio de 2021<\/time><\/span>\n\t\t\t\t\t\t\t\t\t\t\t\t\t\t\t\t\t\t\t<span><a href=\"https:\/\/www.aceitessatunion.com\/?p=360#respond \"><i class=\"penci-faicon far fa-comment\" ><\/i>0 Comentario<\/a><\/span>\n\t\t\t\t\t\t\t\t\t\t\t\t\t\t\t\t\t<\/div>\n\t\t\t\t\t\t\t\t\t\t\t\t\t<div class=\"penci-post-share-box\">\n\t\t\t\t\t\t\t\t\t\t\t\t<a class=\"post-share-item post-share-facebook\" aria-label=\"Share on Facebook\" target=\"_blank\"  rel=\"noreferrer\" href=\"https:\/\/www.facebook.com\/sharer\/sharer.php?u=https:\/\/www.aceitessatunion.com\/?p=360\"><i class=\"penci-faicon fab fa-facebook-f\" ><\/i><span class=\"dt-share\">Facebook<\/span><\/a>\t\t\t\t\t<\/div>\n\t\t\t\t\t\t\t<\/div>\n\t\t\t<\/div>\n\n<\/article>\n\n\n\t\t\t\t\t\t\t\t\t\t\t\t\t\t\t\t\t\t\t\t\t\t<\/ul>\n\n\t\t\t\t\t\t\t\t\t\t\t<div class=\"penci-pagination penci-ajax-more penci-ajax-home penci-ajax-more-click\">\n\t\t\t\t\t\t\t<a class=\"penci-ajax-more-button\" href=\"#\" data-blockuid=\"pencilatest_posts_38704\" data-query=\"{&quot;orderby&quot;:&quot;date&quot;,&quot;order&quot;:&quot;desc&quot;,&quot;ignore_sticky_posts&quot;:1,&quot;post_status&quot;:&quot;publish&quot;,&quot;post_type&quot;:&quot;post&quot;,&quot;posts_per_page&quot;:9,&quot;tax_query&quot;:[],&quot;post__not_in&quot;:[],&quot;paged&quot;:1}\" data-mes=\"Sorry, No more posts\"  data-layout=\"grid\" data-number=\"6\" data-offset=\"9\" data-exclude=\"\" data-from=\"vc\" data-come_from=\"vc-elementor\" data-template=\"sidebar\" data-mixed=\"s1\">\n\t\t\t\t\t\t\t\t<span class=\"ajax-more-text\">Load More Posts<\/span><span class=\"ajaxdot\"><\/span><i class=\"penci-faicon fas fa-sync\" ><\/i>\t\t\t\t\t\t\t<\/a>\n\t\t\t\t\t\t<\/div>\n\t\t\t\t\t\t<script>if( typeof(penciBlock) === \"undefined\" ) {function penciBlock() { this.atts_json = ''; this.content = ''; }}var penciBlocksArray = penciBlocksArray || [];var PENCILOCALCACHE = PENCILOCALCACHE || {};var pencilatest_posts_38704 = new penciBlock();pencilatest_posts_38704.blockID=\"pencilatest_posts_38704\";pencilatest_posts_38704.atts_json = '{\"style\":\"standard-grid\",\"heading\":\"\",\"heading_title_style\":\"\",\"heading_title_link\":\"\",\"heading_title_align\":\"\",\"hide_block_heading\":\"\",\"number\":\"10\",\"paging\":\"loadmore\",\"morenum\":6,\"exclude\":\"\",\"build_query\":\"\",\"elementor_query\":{\"orderby\":\"date\",\"order\":\"desc\",\"ignore_sticky_posts\":1,\"post_status\":\"publish\",\"post_type\":\"post\",\"posts_per_page\":9,\"tax_query\":[],\"post__not_in\":[]},\"wpblock\":\"\",\"penci_mixed_style\":\"s1\",\"post_alignment\":\"left\",\"block_title_color\":\"\",\"block_title_hcolor\":\"\",\"btitle_bcolor\":\"\",\"btitle_outer_bcolor\":\"\",\"btitle_style5_bcolor\":\"\",\"btitle_style78_bcolor\":\"\",\"btitle_bgcolor\":\"\",\"btitle_outer_bgcolor\":\"\",\"btitle_style9_bgimg\":\"\",\"use_btitle_typo\":\"\",\"btitle_typo\":\"\",\"btitle_fsize\":\"\",\"block_title_offupper\":\"\",\"block_title_marginbt\":\"\",\"btitle_shapes_color\":\"\",\"pborder_color\":\"\",\"ptitle_color\":\"\",\"ptitle_hcolor\":\"\",\"use_ptitle_typo\":\"\",\"ptitle_typo\":\"\",\"ptitle_fsize\":\"\",\"pmeta_color\":\"\",\"pmeta_hcolor\":\"\",\"pauthor_color\":\"\",\"pmeta_border_color\":\"\",\"use_pmeta_typo\":\"\",\"pmeta_fsize\":\"\",\"pmeta_typo\":\"\",\"pexcrept_color\":\"\",\"use_pexcrept_typo\":\"\",\"pexcrept_fsize\":\"\",\"pexcrept_typo\":\"\",\"pcat_color\":\"\",\"pcat_hcolor\":\"\",\"use_pcat_typo\":\"\",\"pcat_fsize\":\"\",\"pcat_typo\":\"\",\"prmore_color\":\"\",\"prmore_hcolor\":\"\",\"use_prmore_typo\":\"\",\"prmore_fsize\":\"\",\"prmore_typo\":\"\",\"pag_icon_fsize\":\"\",\"pshare_color\":\"\",\"pshare_hcolor\":\"\",\"pshare_border_color\":\"\",\"pshare_fsize\":\"\",\"pagination_icon\":\"\",\"pagination_size\":\"\",\"pagination_color\":\"\",\"pagination_bordercolor\":\"\",\"pagination_bgcolor\":\"\",\"pagination_hcolor\":\"\",\"pagination_hbordercolor\":\"\",\"pagination_hbgcolor\":\"\",\"standard_meta_overlay\":\"\",\"standard_thumbnail\":\"\",\"std_dis_at_gallery\":\"\",\"standard_thumb_crop\":\"\",\"standard_share_box\":\"\",\"standard_cat\":\"\",\"standard_author\":\"\",\"standard_date\":\"\",\"standard_comment\":\"\",\"standard_viewscount\":\"\",\"standard_readtime\":\"\",\"standard_remove_line\":\"\",\"standard_auto_excerpt\":\"\",\"standard_effect_button\":\"\",\"std_continue_btn\":\"\",\"grid_icon_format\":\"\",\"grid_meta_overlay\":\"\",\"grid_uppercase_cat\":\"\",\"grid_lightbox_video\":\"\",\"grid_nocrop_list\":\"\",\"grid_share_box\":\"yes\",\"grid_cat\":\"\",\"grid_author\":\"\",\"grid_date\":\"\",\"grid_comment\":\"\",\"grid_comment_other\":\"\",\"grid_viewscount\":\"\",\"grid_readtime\":\"\",\"grid_remove_line\":\"yes\",\"grid_remove_excerpt\":\"\",\"grid_add_readmore\":\"\",\"grid_remove_arrow\":\"\",\"grid_readmore_button\":\"\",\"grid_readmore_align\":\"left\",\"grid_excerpt_length\":22,\"standard_excerpt_length\":\"\",\"std_continue_align\":\"center\",\"std_excerpt_align\":\"center\",\"grid_excerpt_align\":\"left\",\"order_columns\":\"\",\"order_columns_tablet\":null,\"order_columns_mobile\":null,\"order_column_gap\":{\"unit\":\"px\",\"size\":\"\",\"sizes\":[]},\"order_row_gap\":{\"unit\":\"px\",\"size\":\"\",\"sizes\":[]},\"infeed_num\":\"3\",\"infeed_code\":\"\",\"infeed_layout\":\"\",\"bptitle_color\":\"\",\"bptitle_hcolor\":\"\",\"bptitle_fsize\":\"\",\"bpmeta_color\":\"\",\"bpmeta_hcolor\":\"\",\"bpauthor_color\":\"\",\"bpmeta_border_color\":\"\",\"bpmeta_fsize\":\"\",\"bpcat_color\":\"\",\"bpcat_hcolor\":\"\",\"bpcat_fsize\":\"\",\"bpexcerpt_size\":\"\",\"bsocialshare_size\":\"\",\"standard_title_length\":\"\",\"grid_title_length\":\"\",\"penci_featimg_size\":\"\",\"penci_featimg_ratio\":{\"unit\":\"px\",\"size\":0.66,\"sizes\":[]},\"thumb_size\":\"\",\"thumb_bigsize\":\"\",\"category_ids\":\"\",\"taxonomy\":\"\"}';penciBlocksArray.push(pencilatest_posts_38704);<\/script>\t\t\t\t\t\t\t\t\t<\/div>\n\t\t\t\t<\/div>\n\t\t\t\t\t\t\t\t<style>\n\t\t\t\t\t\t\t\t\t\t\t\t\t#pencilatest_posts_38704 .list-post .header-list-style:after,\n\t\t\t\t\t#pencilatest_posts_38704 .grid-header-box:after,\n\t\t\t\t\t#pencilatest_posts_38704 .penci-overlay-over .overlay-header-box:after,\n\t\t\t\t\t#pencilatest_posts_38704 .home-featured-cat-content .first-post .magcat-detail .mag-header:after { content: none; }\n\t\t\t\t\t#pencilatest_posts_38704 .list-post .header-list-style, #pencilatest_posts_38704 .grid-header-box,\n\t\t\t\t\t#pencilatest_posts_38704 .penci-overlay-over .overlay-header-box,\n\t\t\t\t\t#pencilatest_posts_38704 .home-featured-cat-content .first-post .magcat-detail .mag-header{ padding-bottom: 0; }\n\t\t\t\t\t\t\t\t\t\t\t\t\t\t\t\t\t\t\t\t<\/style>\n\t\t\t\t\t<\/div>\n\t\t\t\t<\/div>\n\t\t\t\t\t<\/div>\n\t\t<\/div>\n\t\t\t\t\t<\/div>\n\t\t<\/section>\n\t\t\t\t<\/div>\n\t\t","protected":false},"excerpt":{"rendered":"<p>Actualidad Sin categor\u00eda PRESENTACI\u00d3N NUEVA P\u00c1GINA WEB. by adminsb 1 de junio de 2021 written by adminsb PRESENTAMOS NUESTRA P\u00c1GINA WEB\u00a0ACEITESSATUNION.COM\u00a0AQU\u00cd PONDREMOS TODAS LAS NOVEDADES DE LA COOPERATIVA, REUNIONES DE&hellip;<\/p>\n","protected":false},"author":1,"featured_media":0,"parent":0,"menu_order":0,"comment_status":"closed","ping_status":"closed","template":"page-fullwidth.php","meta":{"footnotes":""},"class_list":["post-14","page","type-page","status-publish","hentry"],"_links":{"self":[{"href":"https:\/\/www.aceitessatunion.com\/index.php?rest_route=\/wp\/v2\/pages\/14","targetHints":{"allow":["GET"]}}],"collection":[{"href":"https:\/\/www.aceitessatunion.com\/index.php?rest_route=\/wp\/v2\/pages"}],"about":[{"href":"https:\/\/www.aceitessatunion.com\/index.php?rest_route=\/wp\/v2\/types\/page"}],"author":[{"embeddable":true,"href":"https:\/\/www.aceitessatunion.com\/index.php?rest_route=\/wp\/v2\/users\/1"}],"replies":[{"embeddable":true,"href":"https:\/\/www.aceitessatunion.com\/index.php?rest_route=%2Fwp%2Fv2%2Fcomments&post=14"}],"version-history":[{"count":3,"href":"https:\/\/www.aceitessatunion.com\/index.php?rest_route=\/wp\/v2\/pages\/14\/revisions"}],"predecessor-version":[{"id":364,"href":"https:\/\/www.aceitessatunion.com\/index.php?rest_route=\/wp\/v2\/pages\/14\/revisions\/364"}],"wp:attachment":[{"href":"https:\/\/www.aceitessatunion.com\/index.php?rest_route=%2Fwp%2Fv2%2Fmedia&parent=14"}],"curies":[{"name":"wp","href":"https:\/\/api.w.org\/{rel}","templated":true}]}}